{"id":1560,"date":"2023-04-15T16:27:38","date_gmt":"2023-04-15T16:27:38","guid":{"rendered":"https:\/\/chateaudemauvilly.fr\/contact\/"},"modified":"2024-11-06T14:03:02","modified_gmt":"2024-11-06T14:03:02","slug":"contact","status":"publish","type":"page","link":"https:\/\/chateaudemauvilly.fr\/en\/contact\/","title":{"rendered":"Contact"},"content":{"rendered":"\t\t<div data-elementor-type=\"wp-page\" data-elementor-id=\"1560\" class=\"elementor elementor-1560 elementor-285\">\n\t\t\t\t\t\t<section class=\"elementor-section elementor-top-section elementor-element elementor-element-310da08 elementor-section-boxed elementor-section-height-default elementor-section-height-default\" data-id=\"310da08\" data-element_type=\"section\" data-e-type=\"section\">\n\t\t\t\t\t\t<div class=\"elementor-container elementor-column-gap-default\">\n\t\t\t\t\t<div class=\"elementor-column elementor-col-100 elementor-top-column elementor-element elementor-element-162c419\" data-id=\"162c419\" data-element_type=\"column\" data-e-type=\"column\">\n\t\t\t<div class=\"elementor-widget-wrap elementor-element-populated\">\n\t\t\t\t\t\t<div class=\"elementor-element elementor-element-b9466a0 elementor-widget elementor-widget-text-editor\" data-id=\"b9466a0\" data-element_type=\"widget\" data-e-type=\"widget\" data-widget_type=\"text-editor.default\">\n\t\t\t\t<div class=\"elementor-widget-container\">\n\t\t\t\t\t\t\t\t\t<h1>Booking request<\/h1>\n\t\t\t\t\t\t\t\t<\/div>\n\t\t\t\t<\/div>\n\t\t\t\t<div class=\"elementor-element elementor-element-361ed44 elementor-widget elementor-widget-text-editor\" data-id=\"361ed44\" data-element_type=\"widget\" data-e-type=\"widget\" data-widget_type=\"text-editor.default\">\n\t\t\t\t<div class=\"elementor-widget-container\">\n\t\t\t\t\t\t\t\t\t<p>Please make your reservation request via this contact form, by email: <a href=\"mailto:contact@chateaudemauvilly.fr\"><em>contact@chateaudemauvilly.fr<\/em><\/a> or by phone : +33 (0)7 88 52 16 63<\/p><h2><strong>Mauvilly Castle<\/strong><\/h2><p style=\"font-size: 14px;\"><b> <\/b>2 chemin du ch\u00e2teau &#8211; 21510 Mauvilly<\/p><p>France<\/p>\t\t\t\t\t\t\t\t<\/div>\n\t\t\t\t<\/div>\n\t\t\t\t<div class=\"elementor-element elementor-element-57c5264 elementor-widget-divider--view-line elementor-widget elementor-widget-divider\" data-id=\"57c5264\" data-element_type=\"widget\" data-e-type=\"widget\" data-widget_type=\"divider.default\">\n\t\t\t\t<div class=\"elementor-widget-container\">\n\t\t\t\t\t\t\t<div class=\"elementor-divider\">\n\t\t\t<span class=\"elementor-divider-separator\">\n\t\t\t\t\t\t<\/span>\n\t\t<\/div>\n\t\t\t\t\t\t<\/div>\n\t\t\t\t<\/div>\n\t\t\t\t<div class=\"elementor-element elementor-element-f39520c elementor-widget elementor-widget-wpforms\" data-id=\"f39520c\" data-element_type=\"widget\" data-e-type=\"widget\" data-widget_type=\"wpforms.default\">\n\t\t\t\t<div class=\"elementor-widget-container\">\n\t\t\t\t\t<div class=\"wpforms-container wpforms-container-full\" id=\"wpforms-531\"><form id=\"wpforms-form-531\" class=\"wpforms-validate wpforms-form wpforms-ajax-form\" data-formid=\"531\" method=\"post\" enctype=\"multipart\/form-data\" action=\"\/en\/wp-json\/wp\/v2\/pages\/1560\" data-token=\"2ebb564e2af1e9776eb4c1e82d8994e2\" data-token-time=\"1775604016\"><div class=\"wpforms-head-container\"><div class=\"wpforms-title\">Formulaire de contact<\/div><\/div><noscript class=\"wpforms-error-noscript\">Please enable JavaScript in your browser to complete this form.<\/noscript><div class=\"wpforms-field-container\"><div id=\"wpforms-531-field_1-container\" class=\"wpforms-field wpforms-field-name\" data-field-id=\"1\"><label class=\"wpforms-field-label\">Nom <span class=\"wpforms-required-label\">*<\/span><\/label><div class=\"wpforms-field-row wpforms-field-medium\"><div class=\"wpforms-field-row-block wpforms-first wpforms-one-half\"><input type=\"text\" id=\"wpforms-531-field_1\" class=\"wpforms-field-name-first wpforms-field-required\" name=\"wpforms[fields][1][first]\" required><label for=\"wpforms-531-field_1\" class=\"wpforms-field-sublabel after\">First<\/label><\/div><div class=\"wpforms-field-row-block wpforms-one-half\"><input type=\"text\" id=\"wpforms-531-field_1-last\" class=\"wpforms-field-name-last wpforms-field-required\" name=\"wpforms[fields][1][last]\" required><label for=\"wpforms-531-field_1-last\" class=\"wpforms-field-sublabel after\">Last<\/label><\/div><\/div><\/div><div id=\"wpforms-531-field_2-container\" class=\"wpforms-field wpforms-field-email\" data-field-id=\"2\"><label class=\"wpforms-field-label\" for=\"wpforms-531-field_2\">E-mail <span class=\"wpforms-required-label\">*<\/span><\/label><input type=\"email\" id=\"wpforms-531-field_2\" class=\"wpforms-field-medium wpforms-field-required\" name=\"wpforms[fields][2]\" spellcheck=\"false\" required><\/div><div id=\"wpforms-531-field_3-container\" class=\"wpforms-field wpforms-field-text\" data-field-id=\"3\"><label class=\"wpforms-field-label\" for=\"wpforms-531-field_3\">Date d&#039;arriv\u00e9e<\/label><input type=\"text\" id=\"wpforms-531-field_3\" class=\"wpforms-field-medium\" name=\"wpforms[fields][3]\" placeholder=\"JJ\/MM\/AAAA\" ><\/div><div id=\"wpforms-531-field_5-container\" class=\"wpforms-field wpforms-field-number\" data-field-id=\"5\"><label class=\"wpforms-field-label\" for=\"wpforms-531-field_5\">Nombre de nuits<\/label><input type=\"number\" id=\"wpforms-531-field_5\" class=\"wpforms-field-small\" name=\"wpforms[fields][5]\" step=\"any\" ><\/div><div id=\"wpforms-531-field_9-container\" class=\"wpforms-field wpforms-field-radio wpforms-list-inline\" data-field-id=\"9\"><label class=\"wpforms-field-label\">Quelle chambre pr\u00e9f\u00e9rez-vous?<\/label><ul id=\"wpforms-531-field_9\" class=\"wpforms-image-choices wpforms-image-choices-classic\"><li class=\"choice-1 depth-1 wpforms-image-choices-item\"><label class=\"wpforms-field-label-inline\" for=\"wpforms-531-field_9_1\" tabindex=\"0\"><span class=\"wpforms-image-choices-image\"><img decoding=\"async\" src=\"https:\/\/chateaudemauvilly.fr\/wp-content\/uploads\/2023\/04\/chambre_bleue_formulaire-1.png\" alt=\"La Chambre Bleue\" title=\"La Chambre Bleue\"><\/span><input type=\"radio\" id=\"wpforms-531-field_9_1\" class=\"wpforms-screen-reader-element\" name=\"wpforms[fields][9]\" value=\"La Chambre Bleue\" tabindex=\"-1\"  ><span class=\"wpforms-image-choices-label\">La Chambre Bleue<\/span><\/label><\/li><li class=\"choice-4 depth-1 wpforms-image-choices-item\"><label class=\"wpforms-field-label-inline\" for=\"wpforms-531-field_9_4\" tabindex=\"0\"><span class=\"wpforms-image-choices-image\"><img decoding=\"async\" src=\"https:\/\/chateaudemauvilly.fr\/wp-content\/uploads\/2023\/04\/chambre_rouge_formulaire.png\" alt=\"La Chambre Rouge\" title=\"La Chambre Rouge\"><\/span><input type=\"radio\" id=\"wpforms-531-field_9_4\" class=\"wpforms-screen-reader-element\" name=\"wpforms[fields][9]\" value=\"La Chambre Rouge\" tabindex=\"-1\"  ><span class=\"wpforms-image-choices-label\">La Chambre Rouge<\/span><\/label><\/li><li class=\"choice-2 depth-1 wpforms-image-choices-item\"><label class=\"wpforms-field-label-inline\" for=\"wpforms-531-field_9_2\" tabindex=\"0\"><span class=\"wpforms-image-choices-image\"><img decoding=\"async\" src=\"https:\/\/chateaudemauvilly.fr\/wp-content\/uploads\/2024\/04\/chambre_perse_formulaire.png\" alt=\"La Chambre Perse\" title=\"La Chambre Perse\"><\/span><input type=\"radio\" id=\"wpforms-531-field_9_2\" class=\"wpforms-screen-reader-element\" name=\"wpforms[fields][9]\" value=\"La Chambre Perse\" tabindex=\"-1\"  ><span class=\"wpforms-image-choices-label\">La Chambre Perse<\/span><\/label><\/li><li class=\"choice-3 depth-1 wpforms-image-choices-item\"><label class=\"wpforms-field-label-inline\" for=\"wpforms-531-field_9_3\" tabindex=\"0\"><span class=\"wpforms-image-choices-image\"><img decoding=\"async\" src=\"https:\/\/chateaudemauvilly.fr\/wp-content\/uploads\/2023\/04\/chambre_marie_antoinette_formulaire.png\" alt=\"La Suite Marie-Antoinette\" title=\"La Suite Marie-Antoinette\"><\/span><input type=\"radio\" id=\"wpforms-531-field_9_3\" class=\"wpforms-screen-reader-element\" name=\"wpforms[fields][9]\" value=\"La Suite Marie-Antoinette\" tabindex=\"-1\"  ><span class=\"wpforms-image-choices-label\">La Suite Marie-Antoinette<\/span><\/label><\/li><\/ul><\/div><div id=\"wpforms-531-field_11-container\" class=\"wpforms-field wpforms-field-checkbox\" data-field-id=\"11\"><label class=\"wpforms-field-label\">Cases \u00e0 cocher<\/label><ul id=\"wpforms-531-field_11\"><li class=\"choice-3 depth-1\"><input type=\"checkbox\" id=\"wpforms-531-field_11_3\" name=\"wpforms[fields][11][]\" value=\"J&#039;ai lu et accepte les CGV*\"  ><label class=\"wpforms-field-label-inline\" for=\"wpforms-531-field_11_3\">J'ai lu et accepte les CGV*<\/label><\/li><li class=\"choice-4 depth-1\"><input type=\"checkbox\" id=\"wpforms-531-field_11_4\" name=\"wpforms[fields][11][]\" value=\"En cochant cette case et en soumettant ce formulaire, j\u2019accepte que les informations saisies soient exploit\u00e9es dans le cadre de la demande indiqu\u00e9e dans ce formulaire et de la relation commerciale qui peut en d\u00e9couler.\"  ><label class=\"wpforms-field-label-inline\" for=\"wpforms-531-field_11_4\">En cochant cette case et en soumettant ce formulaire, j\u2019accepte que les informations saisies soient exploit\u00e9es dans le cadre de la demande indiqu\u00e9e dans ce formulaire et de la relation commerciale qui peut en d\u00e9couler.<\/label><\/li><\/ul><\/div><div id=\"wpforms-531-field_12-container\" class=\"wpforms-field wpforms-field-textarea\" data-field-id=\"12\"><label class=\"wpforms-field-label\" for=\"wpforms-531-field_12\">Dites-nous en plus sur votre projet?<\/label><textarea id=\"wpforms-531-field_12\" class=\"wpforms-field-medium\" name=\"wpforms[fields][12]\" ><\/textarea><\/div><\/div><!-- .wpforms-field-container --><div class=\"wpforms-submit-container\" ><input type=\"hidden\" name=\"wpforms[id]\" value=\"531\"><input type=\"hidden\" name=\"page_title\" value=\"\"><input type=\"hidden\" name=\"page_url\" value=\"https:\/\/chateaudemauvilly.fr\/en\/wp-json\/wp\/v2\/pages\/1560\"><input type=\"hidden\" name=\"url_referer\" value=\"\"><button type=\"submit\" name=\"wpforms[submit]\" id=\"wpforms-submit-531\" class=\"wpforms-submit\" data-alt-text=\"Envoi...\" data-submit-text=\"Envoyer\" aria-live=\"assertive\" value=\"wpforms-submit\">Envoyer<\/button><img decoding=\"async\" src=\"https:\/\/chateaudemauvilly.fr\/wp-content\/plugins\/wpforms-lite\/assets\/images\/submit-spin.svg\" class=\"wpforms-submit-spinner\" style=\"display: none;\" width=\"26\" height=\"26\" alt=\"Loading\"><\/div><\/form><\/div>  <!-- .wpforms-container -->\t\t\t\t<\/div>\n\t\t\t\t<\/div>\n\t\t\t\t<div class=\"elementor-element elementor-element-c5d53e2 elementor-widget elementor-widget-text-editor\" data-id=\"c5d53e2\" data-element_type=\"widget\" data-e-type=\"widget\" data-widget_type=\"text-editor.default\">\n\t\t\t\t<div class=\"elementor-widget-container\">\n\t\t\t\t\t\t\t\t\t<p class=\"admania_entrytitle\" itemprop=\"headline\">* <span>See our <a href=\"https:\/\/chateaudemauvilly.fr\/en\/general-terms-and-conditions-of-sale\/\">general terms and conditions of sale<\/a><\/span><\/p>\n<p>* <span>To know and exercise your rights, in particular to withdraw your consent to the use of data collected by this form, please consult our<\/span> Privacy Policy.<\/p>\n\t\t\t\t\t\t\t\t<\/div>\n\t\t\t\t<\/div>\n\t\t\t\t\t<\/div>\n\t\t<\/div>\n\t\t\t\t\t<\/div>\n\t\t<\/section>\n\t\t\t\t<\/div>\n\t\t","protected":false},"excerpt":{"rendered":"<p>Booking request Please make your reservation request via this contact form, by email: contact@chateaudemauvilly.fr or by phone : +33 (0)7 88 52 16 63 Mauvilly Castle 2 chemin du ch\u00e2teau &#8211; 21510 Mauvilly France Formulaire de contactVeuillez activer JavaScript dans votre navigateur pour remplir ce formulaire.Nom *Pr\u00e9nomNomE-mail *Date d&#039;arriv\u00e9eNombre de [&hellip;]<\/p>\n","protected":false},"author":2,"featured_media":0,"parent":0,"menu_order":0,"comment_status":"closed","ping_status":"closed","template":"elementor_theme","meta":{"footnotes":""},"class_list":["post-1560","page","type-page","status-publish","hentry"],"yoast_head":"<!-- This site is optimized with the Yoast SEO plugin v27.3 - https:\/\/yoast.com\/product\/yoast-seo-wordpress\/ -->\n<title>Contact - Ch&acirc;teau de Mauvilly - Chambres d&#039;h&ocirc;tes de prestige en Bourgogne<\/title>\n<meta name=\"description\" content=\"Bed and breakfast in a family chateau in Mauvilly. Book your stay with family or friends in Burgundy now.\" \/>\n<meta name=\"robots\" content=\"index, follow, max-snippet:-1, max-image-preview:large, max-video-preview:-1\" \/>\n<link rel=\"canonical\" href=\"https:\/\/chateaudemauvilly.fr\/en\/contact\/\" \/>\n<meta property=\"og:locale\" content=\"en_US\" \/>\n<meta property=\"og:type\" content=\"article\" \/>\n<meta property=\"og:title\" content=\"Contact - Ch&acirc;teau de Mauvilly - Chambres d&#039;h&ocirc;tes de prestige en Bourgogne\" \/>\n<meta property=\"og:description\" content=\"Bed and breakfast in a family chateau in Mauvilly. Book your stay with family or friends in Burgundy now.\" \/>\n<meta property=\"og:url\" content=\"https:\/\/chateaudemauvilly.fr\/en\/contact\/\" \/>\n<meta property=\"og:site_name\" content=\"Ch&acirc;teau de Mauvilly - Chambres d&#039;h&ocirc;tes de prestige en Bourgogne\" \/>\n<meta property=\"article:modified_time\" content=\"2024-11-06T14:03:02+00:00\" \/>\n<meta property=\"og:image\" content=\"https:\/\/chateaudemauvilly.fr\/wp-content\/uploads\/2023\/04\/chambre_bleue_formulaire-1.png\" \/>\n<meta name=\"twitter:card\" content=\"summary_large_image\" \/>\n<meta name=\"twitter:label1\" content=\"Est. reading time\" \/>\n\t<meta name=\"twitter:data1\" content=\"1 minute\" \/>\n<script type=\"application\/ld+json\" class=\"yoast-schema-graph\">{\"@context\":\"https:\\\/\\\/schema.org\",\"@graph\":[{\"@type\":\"WebPage\",\"@id\":\"https:\\\/\\\/chateaudemauvilly.fr\\\/en\\\/contact\\\/\",\"url\":\"https:\\\/\\\/chateaudemauvilly.fr\\\/en\\\/contact\\\/\",\"name\":\"Contact - Ch&acirc;teau de Mauvilly - Chambres d'h&ocirc;tes de prestige en Bourgogne\",\"isPartOf\":{\"@id\":\"https:\\\/\\\/chateaudemauvilly.fr\\\/en\\\/#website\"},\"primaryImageOfPage\":{\"@id\":\"https:\\\/\\\/chateaudemauvilly.fr\\\/en\\\/contact\\\/#primaryimage\"},\"image\":{\"@id\":\"https:\\\/\\\/chateaudemauvilly.fr\\\/en\\\/contact\\\/#primaryimage\"},\"thumbnailUrl\":\"https:\\\/\\\/chateaudemauvilly.fr\\\/wp-content\\\/uploads\\\/2023\\\/04\\\/chambre_bleue_formulaire-1.png\",\"datePublished\":\"2023-04-15T16:27:38+00:00\",\"dateModified\":\"2024-11-06T14:03:02+00:00\",\"description\":\"Bed and breakfast in a family chateau in Mauvilly. Book your stay with family or friends in Burgundy now.\",\"breadcrumb\":{\"@id\":\"https:\\\/\\\/chateaudemauvilly.fr\\\/en\\\/contact\\\/#breadcrumb\"},\"inLanguage\":\"en-US\",\"potentialAction\":[{\"@type\":\"ReadAction\",\"target\":[\"https:\\\/\\\/chateaudemauvilly.fr\\\/en\\\/contact\\\/\"]}]},{\"@type\":\"ImageObject\",\"inLanguage\":\"en-US\",\"@id\":\"https:\\\/\\\/chateaudemauvilly.fr\\\/en\\\/contact\\\/#primaryimage\",\"url\":\"https:\\\/\\\/chateaudemauvilly.fr\\\/wp-content\\\/uploads\\\/2023\\\/04\\\/chambre_bleue_formulaire-1.png\",\"contentUrl\":\"https:\\\/\\\/chateaudemauvilly.fr\\\/wp-content\\\/uploads\\\/2023\\\/04\\\/chambre_bleue_formulaire-1.png\"},{\"@type\":\"BreadcrumbList\",\"@id\":\"https:\\\/\\\/chateaudemauvilly.fr\\\/en\\\/contact\\\/#breadcrumb\",\"itemListElement\":[{\"@type\":\"ListItem\",\"position\":1,\"name\":\"Home\",\"item\":\"https:\\\/\\\/chateaudemauvilly.fr\\\/en\\\/\"},{\"@type\":\"ListItem\",\"position\":2,\"name\":\"Contact\"}]},{\"@type\":\"WebSite\",\"@id\":\"https:\\\/\\\/chateaudemauvilly.fr\\\/en\\\/#website\",\"url\":\"https:\\\/\\\/chateaudemauvilly.fr\\\/en\\\/\",\"name\":\"Ch&acirc;teau de Mauvilly - Chambres d'h&ocirc;tes de prestige en Bourgogne\",\"description\":\"Chambres d'h&ocirc;tes de prestige en Bourgogne\",\"publisher\":{\"@id\":\"https:\\\/\\\/chateaudemauvilly.fr\\\/en\\\/#organization\"},\"potentialAction\":[{\"@type\":\"SearchAction\",\"target\":{\"@type\":\"EntryPoint\",\"urlTemplate\":\"https:\\\/\\\/chateaudemauvilly.fr\\\/en\\\/?s={search_term_string}\"},\"query-input\":{\"@type\":\"PropertyValueSpecification\",\"valueRequired\":true,\"valueName\":\"search_term_string\"}}],\"inLanguage\":\"en-US\"},{\"@type\":\"Organization\",\"@id\":\"https:\\\/\\\/chateaudemauvilly.fr\\\/en\\\/#organization\",\"name\":\"Ch&acirc;teau de Mauvilly - Chambres d'h&ocirc;tes de prestige en Bourgogne\",\"url\":\"https:\\\/\\\/chateaudemauvilly.fr\\\/en\\\/\",\"logo\":{\"@type\":\"ImageObject\",\"inLanguage\":\"en-US\",\"@id\":\"https:\\\/\\\/chateaudemauvilly.fr\\\/en\\\/#\\\/schema\\\/logo\\\/image\\\/\",\"url\":\"https:\\\/\\\/chateaudemauvilly.fr\\\/wp-content\\\/uploads\\\/2023\\\/05\\\/cropped-logo_chateaudemauvily.png\",\"contentUrl\":\"https:\\\/\\\/chateaudemauvilly.fr\\\/wp-content\\\/uploads\\\/2023\\\/05\\\/cropped-logo_chateaudemauvily.png\",\"width\":618,\"height\":200,\"caption\":\"Ch&acirc;teau de Mauvilly - Chambres d'h&ocirc;tes de prestige en Bourgogne\"},\"image\":{\"@id\":\"https:\\\/\\\/chateaudemauvilly.fr\\\/en\\\/#\\\/schema\\\/logo\\\/image\\\/\"}}]}<\/script>\n<!-- \/ Yoast SEO plugin. -->","yoast_head_json":{"title":"Contact - Ch&acirc;teau de Mauvilly - Chambres d'h&ocirc;tes de prestige en Bourgogne","description":"Bed and breakfast in a family chateau in Mauvilly. Book your stay with family or friends in Burgundy now.","robots":{"index":"index","follow":"follow","max-snippet":"max-snippet:-1","max-image-preview":"max-image-preview:large","max-video-preview":"max-video-preview:-1"},"canonical":"https:\/\/chateaudemauvilly.fr\/en\/contact\/","og_locale":"en_US","og_type":"article","og_title":"Contact - Ch&acirc;teau de Mauvilly - Chambres d'h&ocirc;tes de prestige en Bourgogne","og_description":"Bed and breakfast in a family chateau in Mauvilly. Book your stay with family or friends in Burgundy now.","og_url":"https:\/\/chateaudemauvilly.fr\/en\/contact\/","og_site_name":"Ch&acirc;teau de Mauvilly - Chambres d'h&ocirc;tes de prestige en Bourgogne","article_modified_time":"2024-11-06T14:03:02+00:00","og_image":[{"url":"https:\/\/chateaudemauvilly.fr\/wp-content\/uploads\/2023\/04\/chambre_bleue_formulaire-1.png","type":"","width":"","height":""}],"twitter_card":"summary_large_image","twitter_misc":{"Est. reading time":"1 minute"},"schema":{"@context":"https:\/\/schema.org","@graph":[{"@type":"WebPage","@id":"https:\/\/chateaudemauvilly.fr\/en\/contact\/","url":"https:\/\/chateaudemauvilly.fr\/en\/contact\/","name":"Contact - Ch&acirc;teau de Mauvilly - Chambres d'h&ocirc;tes de prestige en Bourgogne","isPartOf":{"@id":"https:\/\/chateaudemauvilly.fr\/en\/#website"},"primaryImageOfPage":{"@id":"https:\/\/chateaudemauvilly.fr\/en\/contact\/#primaryimage"},"image":{"@id":"https:\/\/chateaudemauvilly.fr\/en\/contact\/#primaryimage"},"thumbnailUrl":"https:\/\/chateaudemauvilly.fr\/wp-content\/uploads\/2023\/04\/chambre_bleue_formulaire-1.png","datePublished":"2023-04-15T16:27:38+00:00","dateModified":"2024-11-06T14:03:02+00:00","description":"Bed and breakfast in a family chateau in Mauvilly. Book your stay with family or friends in Burgundy now.","breadcrumb":{"@id":"https:\/\/chateaudemauvilly.fr\/en\/contact\/#breadcrumb"},"inLanguage":"en-US","potentialAction":[{"@type":"ReadAction","target":["https:\/\/chateaudemauvilly.fr\/en\/contact\/"]}]},{"@type":"ImageObject","inLanguage":"en-US","@id":"https:\/\/chateaudemauvilly.fr\/en\/contact\/#primaryimage","url":"https:\/\/chateaudemauvilly.fr\/wp-content\/uploads\/2023\/04\/chambre_bleue_formulaire-1.png","contentUrl":"https:\/\/chateaudemauvilly.fr\/wp-content\/uploads\/2023\/04\/chambre_bleue_formulaire-1.png"},{"@type":"BreadcrumbList","@id":"https:\/\/chateaudemauvilly.fr\/en\/contact\/#breadcrumb","itemListElement":[{"@type":"ListItem","position":1,"name":"Home","item":"https:\/\/chateaudemauvilly.fr\/en\/"},{"@type":"ListItem","position":2,"name":"Contact"}]},{"@type":"WebSite","@id":"https:\/\/chateaudemauvilly.fr\/en\/#website","url":"https:\/\/chateaudemauvilly.fr\/en\/","name":"Ch&acirc;teau de Mauvilly - Chambres d'h&ocirc;tes de prestige en Bourgogne","description":"Chambres d'h&ocirc;tes de prestige en Bourgogne","publisher":{"@id":"https:\/\/chateaudemauvilly.fr\/en\/#organization"},"potentialAction":[{"@type":"SearchAction","target":{"@type":"EntryPoint","urlTemplate":"https:\/\/chateaudemauvilly.fr\/en\/?s={search_term_string}"},"query-input":{"@type":"PropertyValueSpecification","valueRequired":true,"valueName":"search_term_string"}}],"inLanguage":"en-US"},{"@type":"Organization","@id":"https:\/\/chateaudemauvilly.fr\/en\/#organization","name":"Ch&acirc;teau de Mauvilly - Chambres d'h&ocirc;tes de prestige en Bourgogne","url":"https:\/\/chateaudemauvilly.fr\/en\/","logo":{"@type":"ImageObject","inLanguage":"en-US","@id":"https:\/\/chateaudemauvilly.fr\/en\/#\/schema\/logo\/image\/","url":"https:\/\/chateaudemauvilly.fr\/wp-content\/uploads\/2023\/05\/cropped-logo_chateaudemauvily.png","contentUrl":"https:\/\/chateaudemauvilly.fr\/wp-content\/uploads\/2023\/05\/cropped-logo_chateaudemauvily.png","width":618,"height":200,"caption":"Ch&acirc;teau de Mauvilly - Chambres d'h&ocirc;tes de prestige en Bourgogne"},"image":{"@id":"https:\/\/chateaudemauvilly.fr\/en\/#\/schema\/logo\/image\/"}}]}},"jetpack_sharing_enabled":true,"_links":{"self":[{"href":"https:\/\/chateaudemauvilly.fr\/en\/wp-json\/wp\/v2\/pages\/1560","targetHints":{"allow":["GET"]}}],"collection":[{"href":"https:\/\/chateaudemauvilly.fr\/en\/wp-json\/wp\/v2\/pages"}],"about":[{"href":"https:\/\/chateaudemauvilly.fr\/en\/wp-json\/wp\/v2\/types\/page"}],"author":[{"embeddable":true,"href":"https:\/\/chateaudemauvilly.fr\/en\/wp-json\/wp\/v2\/users\/2"}],"replies":[{"embeddable":true,"href":"https:\/\/chateaudemauvilly.fr\/en\/wp-json\/wp\/v2\/comments?post=1560"}],"version-history":[{"count":10,"href":"https:\/\/chateaudemauvilly.fr\/en\/wp-json\/wp\/v2\/pages\/1560\/revisions"}],"predecessor-version":[{"id":2207,"href":"https:\/\/chateaudemauvilly.fr\/en\/wp-json\/wp\/v2\/pages\/1560\/revisions\/2207"}],"wp:attachment":[{"href":"https:\/\/chateaudemauvilly.fr\/en\/wp-json\/wp\/v2\/media?parent=1560"}],"curies":[{"name":"wp","href":"https:\/\/api.w.org\/{rel}","templated":true}]}}