{"id":1575,"date":"2023-04-12T14:18:47","date_gmt":"2023-04-12T14:18:47","guid":{"rendered":"https:\/\/chateaudemauvilly.fr\/legal-information\/"},"modified":"2023-05-14T16:48:40","modified_gmt":"2023-05-14T16:48:40","slug":"legal-information","status":"publish","type":"page","link":"https:\/\/chateaudemauvilly.fr\/en\/legal-information\/","title":{"rendered":"Legal information"},"content":{"rendered":"\n<h1 class=\"wp-block-heading\">Sponsor<\/h1>\n\n<p><strong>Mauvilly Castle<\/strong><\/p>\n\n<p><strong>Address: 2 chemin du ch\u00e2teau &#8211; 21510 Mauvilly<\/strong><\/p>\n\n<p><strong>T\u00e9l\u00e9phone: <\/strong>+33 (0)7 88 52 16 63<\/p>\n\n<p>Email: contact@chateaudemauvilly.fr<\/p>\n\n<p>Registered in the Trade and Companies Register<\/p>\n\n<p>Siret number: 950 721 753 RCS Dijon<\/p>\n\n<p>Publisher<\/p>\n\n<p>Elodie Grisard &#8211;<a href=\"http:\/\/www.chambresdhotes-conseils.com\/\" target=\"_blank\" rel=\"noreferrer noopener\"> Chambredhotes-conseils<\/a>a communications consultancy specialising in bed and breakfast and self-catering accommodation.<\/p>\n\n<h2 class=\"wp-block-heading\">Hosting<\/h2>\n\n<p>Ionos: www.ionos.fr<\/p>\n\n<h2 class=\"wp-block-heading\">Hypertext links<\/h2>\n\n<p>Hypertext links may lead to sites other than this site. The Ch\u00e2teau de Mauvilly has no control over the content of the said sites and declines all responsibility in the event that the content of the said sites contravenes the legal and regulatory provisions in force.<\/p>\n\n<h2 class=\"wp-block-heading\">Intellectual property<\/h2>\n\n<p>In accordance with the laws governing the ownership of literary and artistic rights or other similar rights, all the elements, brands, names, photographs, drawings, models, logos, graphics, colour codes, etc. found on this site are the exclusive property of the relevant entities of Ch\u00e2teau de Mauvilly or of its partners or suppliers, who do not grant any licence or any other right than that of consulting the site. The reproduction or use of all or part of these elements is only authorised for the exclusive purpose of information for personal and private use, any reproduction and any use of copies made for other purposes being expressly prohibited. Any other use constitutes an infringement and is punishable under the Intellectual Property Act, except with the prior written permission of Ch\u00e2teau de Mauvilly.<\/p>\n","protected":false},"excerpt":{"rendered":"<p>Sponsor Mauvilly Castle Address: 2 chemin du ch\u00e2teau &#8211; 21510 Mauvilly T\u00e9l\u00e9phone: +33 (0)7 88 52 16 63 Email: contact@chateaudemauvilly.fr Registered in the Trade and Companies Register Siret number: 950 721 753 RCS Dijon Publisher Elodie Grisard &#8211; Chambredhotes-conseilsa communications consultancy specialising in bed and breakfast and self-catering accommodation. Hosting [&hellip;]<\/p>\n","protected":false},"author":1,"featured_media":0,"parent":0,"menu_order":0,"comment_status":"closed","ping_status":"closed","template":"","meta":{"footnotes":""},"class_list":["post-1575","page","type-page","status-publish","hentry"],"yoast_head":"<!-- This site is optimized with the Yoast SEO plugin v27.5 - https:\/\/yoast.com\/product\/yoast-seo-wordpress\/ -->\n<title>Legal information - Ch&acirc;teau de Mauvilly - Chambres d&#039;h&ocirc;tes de prestige en Bourgogne<\/title>\n<meta name=\"robots\" content=\"index, follow, max-snippet:-1, max-image-preview:large, max-video-preview:-1\" \/>\n<link rel=\"canonical\" href=\"https:\/\/chateaudemauvilly.fr\/en\/legal-information\/\" \/>\n<meta property=\"og:locale\" content=\"en_US\" \/>\n<meta property=\"og:type\" content=\"article\" \/>\n<meta property=\"og:title\" content=\"Legal information - Ch&acirc;teau de Mauvilly - Chambres d&#039;h&ocirc;tes de prestige en Bourgogne\" \/>\n<meta property=\"og:description\" content=\"Sponsor Mauvilly Castle Address: 2 chemin du ch\u00e2teau &#8211; 21510 Mauvilly T\u00e9l\u00e9phone: +33 (0)7 88 52 16 63 Email: contact@chateaudemauvilly.fr Registered in the Trade and Companies Register Siret number: 950 721 753 RCS Dijon Publisher Elodie Grisard &#8211; Chambredhotes-conseilsa communications consultancy specialising in bed and breakfast and self-catering accommodation. Hosting [&hellip;]\" \/>\n<meta property=\"og:url\" content=\"https:\/\/chateaudemauvilly.fr\/en\/legal-information\/\" \/>\n<meta property=\"og:site_name\" content=\"Ch&acirc;teau de Mauvilly - Chambres d&#039;h&ocirc;tes de prestige en Bourgogne\" \/>\n<meta property=\"article:modified_time\" content=\"2023-05-14T16:48:40+00:00\" \/>\n<meta name=\"twitter:card\" content=\"summary_large_image\" \/>\n<meta name=\"twitter:label1\" content=\"Est. reading time\" \/>\n\t<meta name=\"twitter:data1\" content=\"1 minute\" \/>\n<script type=\"application\/ld+json\" class=\"yoast-schema-graph\">{\"@context\":\"https:\\\/\\\/schema.org\",\"@graph\":[{\"@type\":\"WebPage\",\"@id\":\"https:\\\/\\\/chateaudemauvilly.fr\\\/en\\\/legal-information\\\/\",\"url\":\"https:\\\/\\\/chateaudemauvilly.fr\\\/en\\\/legal-information\\\/\",\"name\":\"Legal information - Ch&acirc;teau de Mauvilly - Chambres d'h&ocirc;tes de prestige en Bourgogne\",\"isPartOf\":{\"@id\":\"https:\\\/\\\/chateaudemauvilly.fr\\\/en\\\/#website\"},\"datePublished\":\"2023-04-12T14:18:47+00:00\",\"dateModified\":\"2023-05-14T16:48:40+00:00\",\"breadcrumb\":{\"@id\":\"https:\\\/\\\/chateaudemauvilly.fr\\\/en\\\/legal-information\\\/#breadcrumb\"},\"inLanguage\":\"en-US\",\"potentialAction\":[{\"@type\":\"ReadAction\",\"target\":[\"https:\\\/\\\/chateaudemauvilly.fr\\\/en\\\/legal-information\\\/\"]}]},{\"@type\":\"BreadcrumbList\",\"@id\":\"https:\\\/\\\/chateaudemauvilly.fr\\\/en\\\/legal-information\\\/#breadcrumb\",\"itemListElement\":[{\"@type\":\"ListItem\",\"position\":1,\"name\":\"Home\",\"item\":\"https:\\\/\\\/chateaudemauvilly.fr\\\/en\\\/\"},{\"@type\":\"ListItem\",\"position\":2,\"name\":\"Legal information\"}]},{\"@type\":\"WebSite\",\"@id\":\"https:\\\/\\\/chateaudemauvilly.fr\\\/en\\\/#website\",\"url\":\"https:\\\/\\\/chateaudemauvilly.fr\\\/en\\\/\",\"name\":\"Ch&acirc;teau de Mauvilly - Chambres d'h&ocirc;tes de prestige en Bourgogne\",\"description\":\"Chambres d'h&ocirc;tes de prestige en Bourgogne\",\"publisher\":{\"@id\":\"https:\\\/\\\/chateaudemauvilly.fr\\\/en\\\/#organization\"},\"potentialAction\":[{\"@type\":\"SearchAction\",\"target\":{\"@type\":\"EntryPoint\",\"urlTemplate\":\"https:\\\/\\\/chateaudemauvilly.fr\\\/en\\\/?s={search_term_string}\"},\"query-input\":{\"@type\":\"PropertyValueSpecification\",\"valueRequired\":true,\"valueName\":\"search_term_string\"}}],\"inLanguage\":\"en-US\"},{\"@type\":\"Organization\",\"@id\":\"https:\\\/\\\/chateaudemauvilly.fr\\\/en\\\/#organization\",\"name\":\"Ch&acirc;teau de Mauvilly - Chambres d'h&ocirc;tes de prestige en Bourgogne\",\"url\":\"https:\\\/\\\/chateaudemauvilly.fr\\\/en\\\/\",\"logo\":{\"@type\":\"ImageObject\",\"inLanguage\":\"en-US\",\"@id\":\"https:\\\/\\\/chateaudemauvilly.fr\\\/en\\\/#\\\/schema\\\/logo\\\/image\\\/\",\"url\":\"https:\\\/\\\/chateaudemauvilly.fr\\\/wp-content\\\/uploads\\\/2023\\\/05\\\/cropped-logo_chateaudemauvily.png\",\"contentUrl\":\"https:\\\/\\\/chateaudemauvilly.fr\\\/wp-content\\\/uploads\\\/2023\\\/05\\\/cropped-logo_chateaudemauvily.png\",\"width\":618,\"height\":200,\"caption\":\"Ch&acirc;teau de Mauvilly - Chambres d'h&ocirc;tes de prestige en Bourgogne\"},\"image\":{\"@id\":\"https:\\\/\\\/chateaudemauvilly.fr\\\/en\\\/#\\\/schema\\\/logo\\\/image\\\/\"}}]}<\/script>\n<!-- \/ Yoast SEO plugin. -->","yoast_head_json":{"title":"Legal information - Ch&acirc;teau de Mauvilly - Chambres d'h&ocirc;tes de prestige en Bourgogne","robots":{"index":"index","follow":"follow","max-snippet":"max-snippet:-1","max-image-preview":"max-image-preview:large","max-video-preview":"max-video-preview:-1"},"canonical":"https:\/\/chateaudemauvilly.fr\/en\/legal-information\/","og_locale":"en_US","og_type":"article","og_title":"Legal information - Ch&acirc;teau de Mauvilly - Chambres d'h&ocirc;tes de prestige en Bourgogne","og_description":"Sponsor Mauvilly Castle Address: 2 chemin du ch\u00e2teau &#8211; 21510 Mauvilly T\u00e9l\u00e9phone: +33 (0)7 88 52 16 63 Email: contact@chateaudemauvilly.fr Registered in the Trade and Companies Register Siret number: 950 721 753 RCS Dijon Publisher Elodie Grisard &#8211; Chambredhotes-conseilsa communications consultancy specialising in bed and breakfast and self-catering accommodation. Hosting [&hellip;]","og_url":"https:\/\/chateaudemauvilly.fr\/en\/legal-information\/","og_site_name":"Ch&acirc;teau de Mauvilly - Chambres d'h&ocirc;tes de prestige en Bourgogne","article_modified_time":"2023-05-14T16:48:40+00:00","twitter_card":"summary_large_image","twitter_misc":{"Est. reading time":"1 minute"},"schema":{"@context":"https:\/\/schema.org","@graph":[{"@type":"WebPage","@id":"https:\/\/chateaudemauvilly.fr\/en\/legal-information\/","url":"https:\/\/chateaudemauvilly.fr\/en\/legal-information\/","name":"Legal information - Ch&acirc;teau de Mauvilly - Chambres d'h&ocirc;tes de prestige en Bourgogne","isPartOf":{"@id":"https:\/\/chateaudemauvilly.fr\/en\/#website"},"datePublished":"2023-04-12T14:18:47+00:00","dateModified":"2023-05-14T16:48:40+00:00","breadcrumb":{"@id":"https:\/\/chateaudemauvilly.fr\/en\/legal-information\/#breadcrumb"},"inLanguage":"en-US","potentialAction":[{"@type":"ReadAction","target":["https:\/\/chateaudemauvilly.fr\/en\/legal-information\/"]}]},{"@type":"BreadcrumbList","@id":"https:\/\/chateaudemauvilly.fr\/en\/legal-information\/#breadcrumb","itemListElement":[{"@type":"ListItem","position":1,"name":"Home","item":"https:\/\/chateaudemauvilly.fr\/en\/"},{"@type":"ListItem","position":2,"name":"Legal information"}]},{"@type":"WebSite","@id":"https:\/\/chateaudemauvilly.fr\/en\/#website","url":"https:\/\/chateaudemauvilly.fr\/en\/","name":"Ch&acirc;teau de Mauvilly - Chambres d'h&ocirc;tes de prestige en Bourgogne","description":"Chambres d'h&ocirc;tes de prestige en Bourgogne","publisher":{"@id":"https:\/\/chateaudemauvilly.fr\/en\/#organization"},"potentialAction":[{"@type":"SearchAction","target":{"@type":"EntryPoint","urlTemplate":"https:\/\/chateaudemauvilly.fr\/en\/?s={search_term_string}"},"query-input":{"@type":"PropertyValueSpecification","valueRequired":true,"valueName":"search_term_string"}}],"inLanguage":"en-US"},{"@type":"Organization","@id":"https:\/\/chateaudemauvilly.fr\/en\/#organization","name":"Ch&acirc;teau de Mauvilly - Chambres d'h&ocirc;tes de prestige en Bourgogne","url":"https:\/\/chateaudemauvilly.fr\/en\/","logo":{"@type":"ImageObject","inLanguage":"en-US","@id":"https:\/\/chateaudemauvilly.fr\/en\/#\/schema\/logo\/image\/","url":"https:\/\/chateaudemauvilly.fr\/wp-content\/uploads\/2023\/05\/cropped-logo_chateaudemauvily.png","contentUrl":"https:\/\/chateaudemauvilly.fr\/wp-content\/uploads\/2023\/05\/cropped-logo_chateaudemauvily.png","width":618,"height":200,"caption":"Ch&acirc;teau de Mauvilly - Chambres d'h&ocirc;tes de prestige en Bourgogne"},"image":{"@id":"https:\/\/chateaudemauvilly.fr\/en\/#\/schema\/logo\/image\/"}}]}},"jetpack_sharing_enabled":true,"_links":{"self":[{"href":"https:\/\/chateaudemauvilly.fr\/en\/wp-json\/wp\/v2\/pages\/1575","targetHints":{"allow":["GET"]}}],"collection":[{"href":"https:\/\/chateaudemauvilly.fr\/en\/wp-json\/wp\/v2\/pages"}],"about":[{"href":"https:\/\/chateaudemauvilly.fr\/en\/wp-json\/wp\/v2\/types\/page"}],"author":[{"embeddable":true,"href":"https:\/\/chateaudemauvilly.fr\/en\/wp-json\/wp\/v2\/users\/1"}],"replies":[{"embeddable":true,"href":"https:\/\/chateaudemauvilly.fr\/en\/wp-json\/wp\/v2\/comments?post=1575"}],"version-history":[{"count":1,"href":"https:\/\/chateaudemauvilly.fr\/en\/wp-json\/wp\/v2\/pages\/1575\/revisions"}],"predecessor-version":[{"id":1576,"href":"https:\/\/chateaudemauvilly.fr\/en\/wp-json\/wp\/v2\/pages\/1575\/revisions\/1576"}],"wp:attachment":[{"href":"https:\/\/chateaudemauvilly.fr\/en\/wp-json\/wp\/v2\/media?parent=1575"}],"curies":[{"name":"wp","href":"https:\/\/api.w.org\/{rel}","templated":true}]}}