{"id":1585,"date":"2023-04-27T22:27:47","date_gmt":"2023-04-27T22:27:47","guid":{"rendered":"https:\/\/chateaudemauvilly.fr\/book\/"},"modified":"2024-04-29T13:36:12","modified_gmt":"2024-04-29T13:36:12","slug":"book","status":"publish","type":"page","link":"https:\/\/chateaudemauvilly.fr\/en\/book\/","title":{"rendered":"Book"},"content":{"rendered":"\n<h1 class=\"wp-block-heading\">Booking request<\/h1>\n\n\n\n<h2 class=\"wp-block-heading\">Choose a room directly and check availability.<\/h2>\n\n\n\n<p>To book several rooms at the same time, you can <a href=\"https:\/\/chateaudemauvilly.fr\/en\/contact\/\" target=\"_blank\" rel=\"noreferrer noopener\">contact us directly<\/a>.<\/p>\n\n\n\n<h2 class=\"wp-block-heading\">Informations:<\/h2>\n\n\n\n<ul class=\"wp-block-list\">\n<li>Breakfast and taxes are included in the rates.<\/li>\n\n\n\n<li>The castle has a cot and a high chair.<\/li>\n\n\n\n<li>Free parking on the property.<\/li>\n\n\n\n<li>WIFI is available.<\/li>\n\n\n\n<li>Payments are accepted in cash, cheques and bank transfer. carte bancaire. <\/li>\n\n\n\n<li>Heure d\u2019arriv\u00e9e : \u00e0 partir de 17h ou selon arrangement pr\u00e9alable.<\/li>\n\n\n\n<li>Departure time: 11:30 or by prior arrangement.<\/li>\n\n\n\n<li>Pets are allowed <a href=\"mailto:mchegner@gmail.com\" target=\"_blank\" rel=\"noreferrer noopener\">on request<\/a>.<\/li>\n\n\n\n<li>For smokers: no exceptions will be tolerated in the house and all building interiors. It is however possible to smoke outside, ashtrays are at your disposal.<br>outside and in the garden.<\/li>\n\n\n\n<li>A deposit of 50% of the stay is required to confirm your reservation. Cancellation is free of charge up to 7 days before the arrival date.<\/li>\n\n\n\n<li>The owners also reserve the right to cancel a booking up to 7 days before the start of the stay.<\/li>\n<\/ul>\n\n\n\n<p><\/p>\n\n\n\n<p><\/p>\n","protected":false},"excerpt":{"rendered":"<p>Booking request Choose a room directly and check availability. To book several rooms at the same time, you can contact us directly. Informations:<\/p>\n","protected":false},"author":2,"featured_media":0,"parent":0,"menu_order":0,"comment_status":"closed","ping_status":"closed","template":"","meta":{"footnotes":""},"class_list":["post-1585","page","type-page","status-publish","hentry"],"yoast_head":"<!-- This site is optimized with the Yoast SEO plugin v27.3 - https:\/\/yoast.com\/product\/yoast-seo-wordpress\/ -->\n<title>Book - Ch&acirc;teau de Mauvilly - Chambres d&#039;h&ocirc;tes de prestige en Bourgogne<\/title>\n<meta name=\"description\" content=\"Bed and breakfast in a family castle in Mauvilly. Book your stay with family or friends in Burgundy now.\" \/>\n<meta name=\"robots\" content=\"index, follow, max-snippet:-1, max-image-preview:large, max-video-preview:-1\" \/>\n<link rel=\"canonical\" href=\"https:\/\/chateaudemauvilly.fr\/en\/book\/\" \/>\n<meta property=\"og:locale\" content=\"en_US\" \/>\n<meta property=\"og:type\" content=\"article\" \/>\n<meta property=\"og:title\" content=\"Book - Ch&acirc;teau de Mauvilly - Chambres d&#039;h&ocirc;tes de prestige en Bourgogne\" \/>\n<meta property=\"og:description\" content=\"Bed and breakfast in a family castle in Mauvilly. Book your stay with family or friends in Burgundy now.\" \/>\n<meta property=\"og:url\" content=\"https:\/\/chateaudemauvilly.fr\/en\/book\/\" \/>\n<meta property=\"og:site_name\" content=\"Ch&acirc;teau de Mauvilly - Chambres d&#039;h&ocirc;tes de prestige en Bourgogne\" \/>\n<meta property=\"article:modified_time\" content=\"2024-04-29T13:36:12+00:00\" \/>\n<meta name=\"twitter:card\" content=\"summary_large_image\" \/>\n<meta name=\"twitter:label1\" content=\"Est. reading time\" \/>\n\t<meta name=\"twitter:data1\" content=\"1 minute\" \/>\n<script type=\"application\/ld+json\" class=\"yoast-schema-graph\">{\"@context\":\"https:\\\/\\\/schema.org\",\"@graph\":[{\"@type\":\"WebPage\",\"@id\":\"https:\\\/\\\/chateaudemauvilly.fr\\\/en\\\/book\\\/\",\"url\":\"https:\\\/\\\/chateaudemauvilly.fr\\\/en\\\/book\\\/\",\"name\":\"Book - Ch&acirc;teau de Mauvilly - Chambres d'h&ocirc;tes de prestige en Bourgogne\",\"isPartOf\":{\"@id\":\"https:\\\/\\\/chateaudemauvilly.fr\\\/en\\\/#website\"},\"datePublished\":\"2023-04-27T22:27:47+00:00\",\"dateModified\":\"2024-04-29T13:36:12+00:00\",\"description\":\"Bed and breakfast in a family castle in Mauvilly. Book your stay with family or friends in Burgundy now.\",\"breadcrumb\":{\"@id\":\"https:\\\/\\\/chateaudemauvilly.fr\\\/en\\\/book\\\/#breadcrumb\"},\"inLanguage\":\"en-US\",\"potentialAction\":[{\"@type\":\"ReadAction\",\"target\":[\"https:\\\/\\\/chateaudemauvilly.fr\\\/en\\\/book\\\/\"]}]},{\"@type\":\"BreadcrumbList\",\"@id\":\"https:\\\/\\\/chateaudemauvilly.fr\\\/en\\\/book\\\/#breadcrumb\",\"itemListElement\":[{\"@type\":\"ListItem\",\"position\":1,\"name\":\"Home\",\"item\":\"https:\\\/\\\/chateaudemauvilly.fr\\\/en\\\/\"},{\"@type\":\"ListItem\",\"position\":2,\"name\":\"Book\"}]},{\"@type\":\"WebSite\",\"@id\":\"https:\\\/\\\/chateaudemauvilly.fr\\\/en\\\/#website\",\"url\":\"https:\\\/\\\/chateaudemauvilly.fr\\\/en\\\/\",\"name\":\"Ch&acirc;teau de Mauvilly - Chambres d'h&ocirc;tes de prestige en Bourgogne\",\"description\":\"Chambres d'h&ocirc;tes de prestige en Bourgogne\",\"publisher\":{\"@id\":\"https:\\\/\\\/chateaudemauvilly.fr\\\/en\\\/#organization\"},\"potentialAction\":[{\"@type\":\"SearchAction\",\"target\":{\"@type\":\"EntryPoint\",\"urlTemplate\":\"https:\\\/\\\/chateaudemauvilly.fr\\\/en\\\/?s={search_term_string}\"},\"query-input\":{\"@type\":\"PropertyValueSpecification\",\"valueRequired\":true,\"valueName\":\"search_term_string\"}}],\"inLanguage\":\"en-US\"},{\"@type\":\"Organization\",\"@id\":\"https:\\\/\\\/chateaudemauvilly.fr\\\/en\\\/#organization\",\"name\":\"Ch&acirc;teau de Mauvilly - Chambres d'h&ocirc;tes de prestige en Bourgogne\",\"url\":\"https:\\\/\\\/chateaudemauvilly.fr\\\/en\\\/\",\"logo\":{\"@type\":\"ImageObject\",\"inLanguage\":\"en-US\",\"@id\":\"https:\\\/\\\/chateaudemauvilly.fr\\\/en\\\/#\\\/schema\\\/logo\\\/image\\\/\",\"url\":\"https:\\\/\\\/chateaudemauvilly.fr\\\/wp-content\\\/uploads\\\/2023\\\/05\\\/cropped-logo_chateaudemauvily.png\",\"contentUrl\":\"https:\\\/\\\/chateaudemauvilly.fr\\\/wp-content\\\/uploads\\\/2023\\\/05\\\/cropped-logo_chateaudemauvily.png\",\"width\":618,\"height\":200,\"caption\":\"Ch&acirc;teau de Mauvilly - Chambres d'h&ocirc;tes de prestige en Bourgogne\"},\"image\":{\"@id\":\"https:\\\/\\\/chateaudemauvilly.fr\\\/en\\\/#\\\/schema\\\/logo\\\/image\\\/\"}}]}<\/script>\n<!-- \/ Yoast SEO plugin. -->","yoast_head_json":{"title":"Book - Ch&acirc;teau de Mauvilly - Chambres d'h&ocirc;tes de prestige en Bourgogne","description":"Bed and breakfast in a family castle in Mauvilly. Book your stay with family or friends in Burgundy now.","robots":{"index":"index","follow":"follow","max-snippet":"max-snippet:-1","max-image-preview":"max-image-preview:large","max-video-preview":"max-video-preview:-1"},"canonical":"https:\/\/chateaudemauvilly.fr\/en\/book\/","og_locale":"en_US","og_type":"article","og_title":"Book - Ch&acirc;teau de Mauvilly - Chambres d'h&ocirc;tes de prestige en Bourgogne","og_description":"Bed and breakfast in a family castle in Mauvilly. Book your stay with family or friends in Burgundy now.","og_url":"https:\/\/chateaudemauvilly.fr\/en\/book\/","og_site_name":"Ch&acirc;teau de Mauvilly - Chambres d'h&ocirc;tes de prestige en Bourgogne","article_modified_time":"2024-04-29T13:36:12+00:00","twitter_card":"summary_large_image","twitter_misc":{"Est. reading time":"1 minute"},"schema":{"@context":"https:\/\/schema.org","@graph":[{"@type":"WebPage","@id":"https:\/\/chateaudemauvilly.fr\/en\/book\/","url":"https:\/\/chateaudemauvilly.fr\/en\/book\/","name":"Book - Ch&acirc;teau de Mauvilly - Chambres d'h&ocirc;tes de prestige en Bourgogne","isPartOf":{"@id":"https:\/\/chateaudemauvilly.fr\/en\/#website"},"datePublished":"2023-04-27T22:27:47+00:00","dateModified":"2024-04-29T13:36:12+00:00","description":"Bed and breakfast in a family castle in Mauvilly. Book your stay with family or friends in Burgundy now.","breadcrumb":{"@id":"https:\/\/chateaudemauvilly.fr\/en\/book\/#breadcrumb"},"inLanguage":"en-US","potentialAction":[{"@type":"ReadAction","target":["https:\/\/chateaudemauvilly.fr\/en\/book\/"]}]},{"@type":"BreadcrumbList","@id":"https:\/\/chateaudemauvilly.fr\/en\/book\/#breadcrumb","itemListElement":[{"@type":"ListItem","position":1,"name":"Home","item":"https:\/\/chateaudemauvilly.fr\/en\/"},{"@type":"ListItem","position":2,"name":"Book"}]},{"@type":"WebSite","@id":"https:\/\/chateaudemauvilly.fr\/en\/#website","url":"https:\/\/chateaudemauvilly.fr\/en\/","name":"Ch&acirc;teau de Mauvilly - Chambres d'h&ocirc;tes de prestige en Bourgogne","description":"Chambres d'h&ocirc;tes de prestige en Bourgogne","publisher":{"@id":"https:\/\/chateaudemauvilly.fr\/en\/#organization"},"potentialAction":[{"@type":"SearchAction","target":{"@type":"EntryPoint","urlTemplate":"https:\/\/chateaudemauvilly.fr\/en\/?s={search_term_string}"},"query-input":{"@type":"PropertyValueSpecification","valueRequired":true,"valueName":"search_term_string"}}],"inLanguage":"en-US"},{"@type":"Organization","@id":"https:\/\/chateaudemauvilly.fr\/en\/#organization","name":"Ch&acirc;teau de Mauvilly - Chambres d'h&ocirc;tes de prestige en Bourgogne","url":"https:\/\/chateaudemauvilly.fr\/en\/","logo":{"@type":"ImageObject","inLanguage":"en-US","@id":"https:\/\/chateaudemauvilly.fr\/en\/#\/schema\/logo\/image\/","url":"https:\/\/chateaudemauvilly.fr\/wp-content\/uploads\/2023\/05\/cropped-logo_chateaudemauvily.png","contentUrl":"https:\/\/chateaudemauvilly.fr\/wp-content\/uploads\/2023\/05\/cropped-logo_chateaudemauvily.png","width":618,"height":200,"caption":"Ch&acirc;teau de Mauvilly - Chambres d'h&ocirc;tes de prestige en Bourgogne"},"image":{"@id":"https:\/\/chateaudemauvilly.fr\/en\/#\/schema\/logo\/image\/"}}]}},"jetpack_sharing_enabled":true,"_links":{"self":[{"href":"https:\/\/chateaudemauvilly.fr\/en\/wp-json\/wp\/v2\/pages\/1585","targetHints":{"allow":["GET"]}}],"collection":[{"href":"https:\/\/chateaudemauvilly.fr\/en\/wp-json\/wp\/v2\/pages"}],"about":[{"href":"https:\/\/chateaudemauvilly.fr\/en\/wp-json\/wp\/v2\/types\/page"}],"author":[{"embeddable":true,"href":"https:\/\/chateaudemauvilly.fr\/en\/wp-json\/wp\/v2\/users\/2"}],"replies":[{"embeddable":true,"href":"https:\/\/chateaudemauvilly.fr\/en\/wp-json\/wp\/v2\/comments?post=1585"}],"version-history":[{"count":4,"href":"https:\/\/chateaudemauvilly.fr\/en\/wp-json\/wp\/v2\/pages\/1585\/revisions"}],"predecessor-version":[{"id":1965,"href":"https:\/\/chateaudemauvilly.fr\/en\/wp-json\/wp\/v2\/pages\/1585\/revisions\/1965"}],"wp:attachment":[{"href":"https:\/\/chateaudemauvilly.fr\/en\/wp-json\/wp\/v2\/media?parent=1585"}],"curies":[{"name":"wp","href":"https:\/\/api.w.org\/{rel}","templated":true}]}}