{"id":1802,"date":"2023-04-12T14:24:14","date_gmt":"2023-04-12T14:24:14","guid":{"rendered":"https:\/\/chateaudemauvilly.fr\/le-chateau-sejour-bourgogne-21\/"},"modified":"2023-04-12T14:24:14","modified_gmt":"2023-04-12T14:24:14","slug":"le-chateau-sejour-bourgogne-21","status":"publish","type":"page","link":"https:\/\/chateaudemauvilly.fr\/en\/le-chateau-sejour-bourgogne-21\/","title":{"rendered":"Le ch\u00e2teau"},"content":{"rendered":"<h1>L&#8217;histoire du ch\u00e2teau<\/h1>\n<p>Notre famille est propri\u00e9taire du Ch\u00e2teau de Mauvilly depuis 1971. Ce fut le d\u00e9but d&#8217;une aventure passionnante et l&#8217;occasion de belles r\u00e9unions familiales et amicales.<\/p>\n<p>Il a b\u00e9n\u00e9fici\u00e9 d&#8217;une r\u00e9novation importante (chauffage aux granul\u00e9s de bois, chambres et salles de bain tout confort&#8230;).<\/p>\n<p>Situ\u00e9 au Nord de la C\u00f4te d\u2019Or \u00e0 une heure de Dijon, l\u2019environnement du ch\u00e2teau est exceptionnel, au sein d\u2019une nature pr\u00e9serv\u00e9e aux portes du Parc National des For\u00eats.<\/p>\n<style type=\"text\/css\">\n\t\t\t#gallery-3 {<br \/>\n\t\t\t\tmargin: auto;<br \/>\n\t\t\t}<br \/>\n\t\t\t#gallery-3 .gallery-item {<br \/>\n\t\t\t\tfloat: left;<br \/>\n\t\t\t\tmargin-top: 10px;<br \/>\n\t\t\t\ttext-align: center;<br \/>\n\t\t\t\twidth: 33%;<br \/>\n\t\t\t}<br \/>\n\t\t\t#gallery-3 img {<br \/>\n\t\t\t\tborder: 2px solid #cfcfcf;<br \/>\n\t\t\t}<br \/>\n\t\t\t#gallery-3 .gallery-caption {<br \/>\n\t\t\t\tmargin-left: 0;<br \/>\n\t\t\t}<br \/>\n\t\t\t\/* see gallery_shortcode() in wp-includes\/media.php *\/<br \/>\n\t\t<\/style>\n<dl class=\"gallery-item\">\n<dt class=\"gallery-icon portrait\">\n\t\t\t\t<a data-elementor-open-lightbox=\"yes\" data-elementor-lightbox-slideshow=\"4d99a2e\" data-elementor-lightbox-title=\"Maison-dhotes-de-charme-Chateau-de-Mauvilly-Cote-dOr-Bourgogne-Dijon-Campagne-Entree-\" data-e-action-hash=\"#elementor-action%3Aaction%3Dlightbox%26settings%3DeyJpZCI6NTA0LCJ1cmwiOiJodHRwczpcL1wvY2hhdGVhdWRlbWF1dmlsbHkuZnJcL3dwLWNvbnRlbnRcL3VwbG9hZHNcLzIwMjNcLzA0XC9NYWlzb24tZGhvdGVzLWRlLWNoYXJtZS1DaGF0ZWF1LWRlLU1hdXZpbGx5LUNvdGUtZE9yLUJvdXJnb2duZS1EaWpvbi1DYW1wYWduZS1FbnRyZWUtLmpwZyIsInNsaWRlc2hvdyI6IjRkOTlhMmUifQ%3D%3D\" href=\"https:\/\/chateaudemauvilly.fr\/wp-content\/uploads\/2023\/04\/Maison-dhotes-de-charme-Chateau-de-Mauvilly-Cote-dOr-Bourgogne-Dijon-Campagne-Entree-.jpg\"><img loading=\"lazy\" width=\"150\" height=\"150\" src=\"https:\/\/chateaudemauvilly.fr\/wp-content\/uploads\/2023\/04\/Maison-dhotes-de-charme-Chateau-de-Mauvilly-Cote-dOr-Bourgogne-Dijon-Campagne-Entree--150x150.jpg\" alt=\"\" decoding=\"async\" loading=\"lazy\"><\/a><\/dt>\n<\/dl>\n<dl class=\"gallery-item\">\n<dt class=\"gallery-icon landscape\">\n\t\t\t\t<a data-elementor-open-lightbox=\"yes\" data-elementor-lightbox-slideshow=\"4d99a2e\" data-elementor-lightbox-title=\"chateau_mauvilly_exterieur_6\" data-e-action-hash=\"#elementor-action%3Aaction%3Dlightbox%26settings%3DeyJpZCI6NDMsInVybCI6Imh0dHBzOlwvXC9jaGF0ZWF1ZGVtYXV2aWxseS5mclwvd3AtY29udGVudFwvdXBsb2Fkc1wvMjAyM1wvMDRcL2NoYXRlYXVfbWF1dmlsbHlfZXh0ZXJpZXVyXzYuanBnIiwic2xpZGVzaG93IjoiNGQ5OWEyZSJ9\" href=\"https:\/\/chateaudemauvilly.fr\/wp-content\/uploads\/2023\/04\/chateau_mauvilly_exterieur_6.jpg\"><img loading=\"lazy\" width=\"150\" height=\"150\" src=\"https:\/\/chateaudemauvilly.fr\/wp-content\/uploads\/2023\/04\/chateau_mauvilly_exterieur_6-150x150.jpg\" alt=\"\" decoding=\"async\" loading=\"lazy\"><\/a><\/dt>\n<\/dl>\n<dl class=\"gallery-item\">\n<dt class=\"gallery-icon landscape\">\n\t\t\t\t<a data-elementor-open-lightbox=\"yes\" data-elementor-lightbox-slideshow=\"4d99a2e\" data-elementor-lightbox-title=\"chateau_mauvilly_exterieur_3\" data-e-action-hash=\"#elementor-action%3Aaction%3Dlightbox%26settings%3DeyJpZCI6MjgsInVybCI6Imh0dHBzOlwvXC9jaGF0ZWF1ZGVtYXV2aWxseS5mclwvd3AtY29udGVudFwvdXBsb2Fkc1wvMjAyM1wvMDRcL2NoYXRlYXVfbWF1dmlsbHlfZXh0ZXJpZXVyXzMuanBnIiwic2xpZGVzaG93IjoiNGQ5OWEyZSJ9\" href=\"https:\/\/chateaudemauvilly.fr\/wp-content\/uploads\/2023\/04\/chateau_mauvilly_exterieur_3.jpg\"><img loading=\"lazy\" width=\"150\" height=\"150\" src=\"https:\/\/chateaudemauvilly.fr\/wp-content\/uploads\/2023\/04\/chateau_mauvilly_exterieur_3-150x150.jpg\" alt=\"\" decoding=\"async\" loading=\"lazy\"><\/a><\/dt>\n<\/dl>\n<p><br style=\"clear: both\"><\/p>\n<dl class=\"gallery-item\">\n<dt class=\"gallery-icon landscape\">\n\t\t\t\t<a data-elementor-open-lightbox=\"yes\" data-elementor-lightbox-slideshow=\"4d99a2e\" data-elementor-lightbox-title=\"chateau_mauvilly_exterieur_5\" data-e-action-hash=\"#elementor-action%3Aaction%3Dlightbox%26settings%3DeyJpZCI6NDQsInVybCI6Imh0dHBzOlwvXC9jaGF0ZWF1ZGVtYXV2aWxseS5mclwvd3AtY29udGVudFwvdXBsb2Fkc1wvMjAyM1wvMDRcL2NoYXRlYXVfbWF1dmlsbHlfZXh0ZXJpZXVyXzUuanBnIiwic2xpZGVzaG93IjoiNGQ5OWEyZSJ9\" href=\"https:\/\/chateaudemauvilly.fr\/wp-content\/uploads\/2023\/04\/chateau_mauvilly_exterieur_5.jpg\"><img loading=\"lazy\" width=\"150\" height=\"150\" src=\"https:\/\/chateaudemauvilly.fr\/wp-content\/uploads\/2023\/04\/chateau_mauvilly_exterieur_5-150x150.jpg\" alt=\"\" decoding=\"async\" loading=\"lazy\"><\/a><\/dt>\n<\/dl>\n<dl class=\"gallery-item\">\n<dt class=\"gallery-icon landscape\">\n\t\t\t\t<a data-elementor-open-lightbox=\"yes\" data-elementor-lightbox-slideshow=\"4d99a2e\" data-elementor-lightbox-title=\"chateau_mauvilly_exterieur_17\" data-e-action-hash=\"#elementor-action%3Aaction%3Dlightbox%26settings%3DeyJpZCI6NTQsInVybCI6Imh0dHBzOlwvXC9jaGF0ZWF1ZGVtYXV2aWxseS5mclwvd3AtY29udGVudFwvdXBsb2Fkc1wvMjAyM1wvMDRcL2NoYXRlYXVfbWF1dmlsbHlfZXh0ZXJpZXVyXzE3LXJvdGF0ZWQuanBnIiwic2xpZGVzaG93IjoiNGQ5OWEyZSJ9\" href=\"https:\/\/chateaudemauvilly.fr\/wp-content\/uploads\/2023\/04\/chateau_mauvilly_exterieur_17-rotated.jpg\"><img loading=\"lazy\" width=\"150\" height=\"150\" src=\"https:\/\/chateaudemauvilly.fr\/wp-content\/uploads\/2023\/04\/chateau_mauvilly_exterieur_17-150x150.jpg\" alt=\"\" decoding=\"async\" loading=\"lazy\"><\/a><\/dt>\n<\/dl>\n<dl class=\"gallery-item\">\n<dt class=\"gallery-icon landscape\">\n\t\t\t\t<a data-elementor-open-lightbox=\"yes\" data-elementor-lightbox-slideshow=\"4d99a2e\" data-elementor-lightbox-title=\"chateau_mauvilly_exterieur_4\" data-e-action-hash=\"#elementor-action%3Aaction%3Dlightbox%26settings%3DeyJpZCI6NDAsInVybCI6Imh0dHBzOlwvXC9jaGF0ZWF1ZGVtYXV2aWxseS5mclwvd3AtY29udGVudFwvdXBsb2Fkc1wvMjAyM1wvMDRcL2NoYXRlYXVfbWF1dmlsbHlfZXh0ZXJpZXVyXzQuanBnIiwic2xpZGVzaG93IjoiNGQ5OWEyZSJ9\" href=\"https:\/\/chateaudemauvilly.fr\/wp-content\/uploads\/2023\/04\/chateau_mauvilly_exterieur_4.jpg\"><img loading=\"lazy\" width=\"150\" height=\"150\" src=\"https:\/\/chateaudemauvilly.fr\/wp-content\/uploads\/2023\/04\/chateau_mauvilly_exterieur_4-150x150.jpg\" alt=\"\" decoding=\"async\" loading=\"lazy\"><\/a><\/dt>\n<\/dl>\n<p><br style=\"clear: both\"><\/p>\n<p>Les premi\u00e8res traces du ch\u00e2teau fort de Mauvilly apparaissent au XII\u00e8me si\u00e8cle. Les fortifications en bois furent remplac\u00e9es par des murailles de pierre au XIII\u00e8me si\u00e8cle.<\/p>\n<p>La famille de Blaisy en fut la prem\u00e8re propri\u00e9taire.&nbsp;Cette famille occupa la baronnie de Mauvilly de 1317 \u00e0 1539. La chapelle (toujours consacr\u00e9e) fut construite pendant cette p\u00e9riode \u00e0 la fin du XV\u00e8me si\u00e8cle. Jusqu\u2019en 1756 le ch\u00e2teau resta dans la m\u00eame famille.<\/p>\n<p>\u00c0 cette date,&nbsp;les&nbsp;Fevre de Gurgy ach\u00e8tent&nbsp;le ch\u00e2teau de Mauvilly, qui restera dans cette famille jusqu\u2019en 1893.<\/p>\n<p>De cette date jusqu\u2019en 1971 il passe entre&nbsp;diverses&nbsp;mains.<\/p>\n<p>La famille Hegner en est propri\u00e9taire depuis plus de 50 ans.<\/p>\n<p>L\u2019inscription du ch\u00e2teau de Mauvilly au titre des Monuments Historiques a \u00e9t\u00e9 motiv\u00e9 par&nbsp;<i>\u00ab&nbsp;la permanence de l\u2019occupation du site depuis la p\u00e9riode&nbsp;m\u00e9di\u00e9vale et son int\u00e9ressante stratification historique t\u00e9moignant de l\u2019\u00e9volution du ch\u00e2teau m\u00e9di\u00e9val, de sa fonction d\u00e9fensive \u00e0 la transformation en r\u00e9sidence d\u2019agr\u00e9ment et domaine agricole \u00e0 l\u2019\u00e9poque moderne&nbsp;\u00bb<\/i>. Les trois b\u00e2timents actuels en sont les t\u00e9moins&nbsp;: le b\u00e2timent \u00ab&nbsp;de la chapelle&nbsp;\u00bb, le \u00ab&nbsp;grand ch\u00e2teau&nbsp;\u00bb (o\u00f9 se situent les chambres d\u2019h\u00f4tes) et le \u00ab&nbsp;petit ch\u00e2teau&nbsp;\u00bb.<\/p>\n<p><a href=\"https:\/\/chateaudemauvilly.fr\/wp-content\/uploads\/2023\/04\/la_chapelle_chateau_mauvilly-scaled.jpg\" data-elementor-open-lightbox=\"yes\" data-elementor-lightbox-title=\"la_chapelle_chateau_mauvilly\" data-e-action-hash=\"#elementor-action%3Aaction%3Dlightbox%26settings%3DeyJpZCI6Njc1LCJ1cmwiOiJodHRwczpcL1wvY2hhdGVhdWRlbWF1dmlsbHkuZnJcL3dwLWNvbnRlbnRcL3VwbG9hZHNcLzIwMjNcLzA0XC9sYV9jaGFwZWxsZV9jaGF0ZWF1X21hdXZpbGx5LXNjYWxlZC5qcGcifQ%3D%3D\"><br \/>\n<img loading=\"lazy\" decoding=\"async\" width=\"135\" height=\"300\" src=\"https:\/\/chateaudemauvilly.fr\/wp-content\/uploads\/2023\/04\/la_chapelle_chateau_mauvilly-135x300.jpg\" alt=\"\" loading=\"lazy\" srcset=\"https:\/\/chateaudemauvilly.fr\/wp-content\/uploads\/2023\/04\/la_chapelle_chateau_mauvilly-135x300.jpg 135w, https:\/\/chateaudemauvilly.fr\/wp-content\/uploads\/2023\/04\/la_chapelle_chateau_mauvilly-461x1024.jpg 461w, https:\/\/chateaudemauvilly.fr\/wp-content\/uploads\/2023\/04\/la_chapelle_chateau_mauvilly-768x1707.jpg 768w, https:\/\/chateaudemauvilly.fr\/wp-content\/uploads\/2023\/04\/la_chapelle_chateau_mauvilly-691x1536.jpg 691w, https:\/\/chateaudemauvilly.fr\/wp-content\/uploads\/2023\/04\/la_chapelle_chateau_mauvilly-922x2048.jpg 922w, https:\/\/chateaudemauvilly.fr\/wp-content\/uploads\/2023\/04\/la_chapelle_chateau_mauvilly-scaled.jpg 1152w\" sizes=\"auto, (max-width: 135px) 100vw, 135px\">\t\t\t\t\t\t\t\t<\/a><br \/>\n<img loading=\"lazy\" decoding=\"async\" width=\"750\" height=\"338\" src=\"https:\/\/chateaudemauvilly.fr\/wp-content\/uploads\/2023\/04\/la_chapelle_chateau_mauvilly_1-1024x461.jpg\" alt=\"\" loading=\"lazy\" srcset=\"https:\/\/chateaudemauvilly.fr\/wp-content\/uploads\/2023\/04\/la_chapelle_chateau_mauvilly_1-1024x461.jpg 1024w, https:\/\/chateaudemauvilly.fr\/wp-content\/uploads\/2023\/04\/la_chapelle_chateau_mauvilly_1-300x135.jpg 300w, https:\/\/chateaudemauvilly.fr\/wp-content\/uploads\/2023\/04\/la_chapelle_chateau_mauvilly_1-768x346.jpg 768w, https:\/\/chateaudemauvilly.fr\/wp-content\/uploads\/2023\/04\/la_chapelle_chateau_mauvilly_1-1536x691.jpg 1536w, https:\/\/chateaudemauvilly.fr\/wp-content\/uploads\/2023\/04\/la_chapelle_chateau_mauvilly_1-2048x922.jpg 2048w\" sizes=\"auto, (max-width: 750px) 100vw, 750px\"><\/p>\n","protected":false},"excerpt":{"rendered":"<p>L&#8217;histoire du ch\u00e2teau Notre famille est propri\u00e9taire du Ch\u00e2teau de Mauvilly depuis 1971. Ce fut le d\u00e9but d&#8217;une aventure passionnante et l&#8217;occasion de belles r\u00e9unions familiales et amicales. Il a b\u00e9n\u00e9fici\u00e9 d&#8217;une r\u00e9novation importante (chauffage aux granul\u00e9s de bois, chambres et salles de bain tout confort&#8230;). Situ\u00e9 au Nord de [&hellip;]<\/p>\n","protected":false},"author":1,"featured_media":0,"parent":0,"menu_order":0,"comment_status":"closed","ping_status":"closed","template":"","meta":{"footnotes":""},"class_list":["post-1802","page","type-page","status-publish","hentry"],"yoast_head":"<!-- This site is optimized with the Yoast SEO plugin v27.4 - https:\/\/yoast.com\/product\/yoast-seo-wordpress\/ -->\n<title>Le ch\u00e2teau - Ch&acirc;teau de Mauvilly - Chambres d&#039;h&ocirc;tes de prestige en Bourgogne<\/title>\n<meta name=\"robots\" content=\"index, follow, max-snippet:-1, max-image-preview:large, max-video-preview:-1\" \/>\n<link rel=\"canonical\" href=\"https:\/\/chateaudemauvilly.fr\/en\/le-chateau-sejour-bourgogne-21\/\" \/>\n<meta property=\"og:locale\" content=\"en_US\" \/>\n<meta property=\"og:type\" content=\"article\" \/>\n<meta property=\"og:title\" content=\"Le ch\u00e2teau - Ch&acirc;teau de Mauvilly - Chambres d&#039;h&ocirc;tes de prestige en Bourgogne\" \/>\n<meta property=\"og:description\" content=\"L&#8217;histoire du ch\u00e2teau Notre famille est propri\u00e9taire du Ch\u00e2teau de Mauvilly depuis 1971. Ce fut le d\u00e9but d&#8217;une aventure passionnante et l&#8217;occasion de belles r\u00e9unions familiales et amicales. Il a b\u00e9n\u00e9fici\u00e9 d&#8217;une r\u00e9novation importante (chauffage aux granul\u00e9s de bois, chambres et salles de bain tout confort&#8230;). Situ\u00e9 au Nord de [&hellip;]\" \/>\n<meta property=\"og:url\" content=\"https:\/\/chateaudemauvilly.fr\/en\/le-chateau-sejour-bourgogne-21\/\" \/>\n<meta property=\"og:site_name\" content=\"Ch&acirc;teau de Mauvilly - Chambres d&#039;h&ocirc;tes de prestige en Bourgogne\" \/>\n<meta property=\"og:image\" content=\"https:\/\/chateaudemauvilly.fr\/wp-content\/uploads\/2023\/04\/Maison-dhotes-de-charme-Chateau-de-Mauvilly-Cote-dOr-Bourgogne-Dijon-Campagne-Entree--150x150.jpg\" \/>\n<meta name=\"twitter:card\" content=\"summary_large_image\" \/>\n<meta name=\"twitter:label1\" content=\"Est. reading time\" \/>\n\t<meta name=\"twitter:data1\" content=\"2 minutes\" \/>\n<script type=\"application\/ld+json\" class=\"yoast-schema-graph\">{\"@context\":\"https:\\\/\\\/schema.org\",\"@graph\":[{\"@type\":\"WebPage\",\"@id\":\"https:\\\/\\\/chateaudemauvilly.fr\\\/en\\\/le-chateau-sejour-bourgogne-21\\\/\",\"url\":\"https:\\\/\\\/chateaudemauvilly.fr\\\/en\\\/le-chateau-sejour-bourgogne-21\\\/\",\"name\":\"Le ch\u00e2teau - Ch&acirc;teau de Mauvilly - Chambres d'h&ocirc;tes de prestige en Bourgogne\",\"isPartOf\":{\"@id\":\"https:\\\/\\\/chateaudemauvilly.fr\\\/en\\\/#website\"},\"primaryImageOfPage\":{\"@id\":\"https:\\\/\\\/chateaudemauvilly.fr\\\/en\\\/le-chateau-sejour-bourgogne-21\\\/#primaryimage\"},\"image\":{\"@id\":\"https:\\\/\\\/chateaudemauvilly.fr\\\/en\\\/le-chateau-sejour-bourgogne-21\\\/#primaryimage\"},\"thumbnailUrl\":\"https:\\\/\\\/chateaudemauvilly.fr\\\/wp-content\\\/uploads\\\/2023\\\/04\\\/Maison-dhotes-de-charme-Chateau-de-Mauvilly-Cote-dOr-Bourgogne-Dijon-Campagne-Entree--150x150.jpg\",\"datePublished\":\"2023-04-12T14:24:14+00:00\",\"breadcrumb\":{\"@id\":\"https:\\\/\\\/chateaudemauvilly.fr\\\/en\\\/le-chateau-sejour-bourgogne-21\\\/#breadcrumb\"},\"inLanguage\":\"en-US\",\"potentialAction\":[{\"@type\":\"ReadAction\",\"target\":[\"https:\\\/\\\/chateaudemauvilly.fr\\\/en\\\/le-chateau-sejour-bourgogne-21\\\/\"]}]},{\"@type\":\"ImageObject\",\"inLanguage\":\"en-US\",\"@id\":\"https:\\\/\\\/chateaudemauvilly.fr\\\/en\\\/le-chateau-sejour-bourgogne-21\\\/#primaryimage\",\"url\":\"https:\\\/\\\/chateaudemauvilly.fr\\\/wp-content\\\/uploads\\\/2023\\\/04\\\/Maison-dhotes-de-charme-Chateau-de-Mauvilly-Cote-dOr-Bourgogne-Dijon-Campagne-Entree--150x150.jpg\",\"contentUrl\":\"https:\\\/\\\/chateaudemauvilly.fr\\\/wp-content\\\/uploads\\\/2023\\\/04\\\/Maison-dhotes-de-charme-Chateau-de-Mauvilly-Cote-dOr-Bourgogne-Dijon-Campagne-Entree--150x150.jpg\"},{\"@type\":\"BreadcrumbList\",\"@id\":\"https:\\\/\\\/chateaudemauvilly.fr\\\/en\\\/le-chateau-sejour-bourgogne-21\\\/#breadcrumb\",\"itemListElement\":[{\"@type\":\"ListItem\",\"position\":1,\"name\":\"Home\",\"item\":\"https:\\\/\\\/chateaudemauvilly.fr\\\/en\\\/\"},{\"@type\":\"ListItem\",\"position\":2,\"name\":\"Le ch\u00e2teau\"}]},{\"@type\":\"WebSite\",\"@id\":\"https:\\\/\\\/chateaudemauvilly.fr\\\/en\\\/#website\",\"url\":\"https:\\\/\\\/chateaudemauvilly.fr\\\/en\\\/\",\"name\":\"Ch&acirc;teau de Mauvilly - Chambres d'h&ocirc;tes de prestige en Bourgogne\",\"description\":\"Chambres d'h&ocirc;tes de prestige en Bourgogne\",\"publisher\":{\"@id\":\"https:\\\/\\\/chateaudemauvilly.fr\\\/en\\\/#organization\"},\"potentialAction\":[{\"@type\":\"SearchAction\",\"target\":{\"@type\":\"EntryPoint\",\"urlTemplate\":\"https:\\\/\\\/chateaudemauvilly.fr\\\/en\\\/?s={search_term_string}\"},\"query-input\":{\"@type\":\"PropertyValueSpecification\",\"valueRequired\":true,\"valueName\":\"search_term_string\"}}],\"inLanguage\":\"en-US\"},{\"@type\":\"Organization\",\"@id\":\"https:\\\/\\\/chateaudemauvilly.fr\\\/en\\\/#organization\",\"name\":\"Ch&acirc;teau de Mauvilly - Chambres d'h&ocirc;tes de prestige en Bourgogne\",\"url\":\"https:\\\/\\\/chateaudemauvilly.fr\\\/en\\\/\",\"logo\":{\"@type\":\"ImageObject\",\"inLanguage\":\"en-US\",\"@id\":\"https:\\\/\\\/chateaudemauvilly.fr\\\/en\\\/#\\\/schema\\\/logo\\\/image\\\/\",\"url\":\"https:\\\/\\\/chateaudemauvilly.fr\\\/wp-content\\\/uploads\\\/2023\\\/05\\\/cropped-logo_chateaudemauvily.png\",\"contentUrl\":\"https:\\\/\\\/chateaudemauvilly.fr\\\/wp-content\\\/uploads\\\/2023\\\/05\\\/cropped-logo_chateaudemauvily.png\",\"width\":618,\"height\":200,\"caption\":\"Ch&acirc;teau de Mauvilly - Chambres d'h&ocirc;tes de prestige en Bourgogne\"},\"image\":{\"@id\":\"https:\\\/\\\/chateaudemauvilly.fr\\\/en\\\/#\\\/schema\\\/logo\\\/image\\\/\"}}]}<\/script>\n<!-- \/ Yoast SEO plugin. -->","yoast_head_json":{"title":"Le ch\u00e2teau - Ch&acirc;teau de Mauvilly - Chambres d'h&ocirc;tes de prestige en Bourgogne","robots":{"index":"index","follow":"follow","max-snippet":"max-snippet:-1","max-image-preview":"max-image-preview:large","max-video-preview":"max-video-preview:-1"},"canonical":"https:\/\/chateaudemauvilly.fr\/en\/le-chateau-sejour-bourgogne-21\/","og_locale":"en_US","og_type":"article","og_title":"Le ch\u00e2teau - Ch&acirc;teau de Mauvilly - Chambres d'h&ocirc;tes de prestige en Bourgogne","og_description":"L&#8217;histoire du ch\u00e2teau Notre famille est propri\u00e9taire du Ch\u00e2teau de Mauvilly depuis 1971. Ce fut le d\u00e9but d&#8217;une aventure passionnante et l&#8217;occasion de belles r\u00e9unions familiales et amicales. Il a b\u00e9n\u00e9fici\u00e9 d&#8217;une r\u00e9novation importante (chauffage aux granul\u00e9s de bois, chambres et salles de bain tout confort&#8230;). Situ\u00e9 au Nord de [&hellip;]","og_url":"https:\/\/chateaudemauvilly.fr\/en\/le-chateau-sejour-bourgogne-21\/","og_site_name":"Ch&acirc;teau de Mauvilly - Chambres d'h&ocirc;tes de prestige en Bourgogne","og_image":[{"url":"https:\/\/chateaudemauvilly.fr\/wp-content\/uploads\/2023\/04\/Maison-dhotes-de-charme-Chateau-de-Mauvilly-Cote-dOr-Bourgogne-Dijon-Campagne-Entree--150x150.jpg","type":"","width":"","height":""}],"twitter_card":"summary_large_image","twitter_misc":{"Est. reading time":"2 minutes"},"schema":{"@context":"https:\/\/schema.org","@graph":[{"@type":"WebPage","@id":"https:\/\/chateaudemauvilly.fr\/en\/le-chateau-sejour-bourgogne-21\/","url":"https:\/\/chateaudemauvilly.fr\/en\/le-chateau-sejour-bourgogne-21\/","name":"Le ch\u00e2teau - Ch&acirc;teau de Mauvilly - Chambres d'h&ocirc;tes de prestige en Bourgogne","isPartOf":{"@id":"https:\/\/chateaudemauvilly.fr\/en\/#website"},"primaryImageOfPage":{"@id":"https:\/\/chateaudemauvilly.fr\/en\/le-chateau-sejour-bourgogne-21\/#primaryimage"},"image":{"@id":"https:\/\/chateaudemauvilly.fr\/en\/le-chateau-sejour-bourgogne-21\/#primaryimage"},"thumbnailUrl":"https:\/\/chateaudemauvilly.fr\/wp-content\/uploads\/2023\/04\/Maison-dhotes-de-charme-Chateau-de-Mauvilly-Cote-dOr-Bourgogne-Dijon-Campagne-Entree--150x150.jpg","datePublished":"2023-04-12T14:24:14+00:00","breadcrumb":{"@id":"https:\/\/chateaudemauvilly.fr\/en\/le-chateau-sejour-bourgogne-21\/#breadcrumb"},"inLanguage":"en-US","potentialAction":[{"@type":"ReadAction","target":["https:\/\/chateaudemauvilly.fr\/en\/le-chateau-sejour-bourgogne-21\/"]}]},{"@type":"ImageObject","inLanguage":"en-US","@id":"https:\/\/chateaudemauvilly.fr\/en\/le-chateau-sejour-bourgogne-21\/#primaryimage","url":"https:\/\/chateaudemauvilly.fr\/wp-content\/uploads\/2023\/04\/Maison-dhotes-de-charme-Chateau-de-Mauvilly-Cote-dOr-Bourgogne-Dijon-Campagne-Entree--150x150.jpg","contentUrl":"https:\/\/chateaudemauvilly.fr\/wp-content\/uploads\/2023\/04\/Maison-dhotes-de-charme-Chateau-de-Mauvilly-Cote-dOr-Bourgogne-Dijon-Campagne-Entree--150x150.jpg"},{"@type":"BreadcrumbList","@id":"https:\/\/chateaudemauvilly.fr\/en\/le-chateau-sejour-bourgogne-21\/#breadcrumb","itemListElement":[{"@type":"ListItem","position":1,"name":"Home","item":"https:\/\/chateaudemauvilly.fr\/en\/"},{"@type":"ListItem","position":2,"name":"Le ch\u00e2teau"}]},{"@type":"WebSite","@id":"https:\/\/chateaudemauvilly.fr\/en\/#website","url":"https:\/\/chateaudemauvilly.fr\/en\/","name":"Ch&acirc;teau de Mauvilly - Chambres d'h&ocirc;tes de prestige en Bourgogne","description":"Chambres d'h&ocirc;tes de prestige en Bourgogne","publisher":{"@id":"https:\/\/chateaudemauvilly.fr\/en\/#organization"},"potentialAction":[{"@type":"SearchAction","target":{"@type":"EntryPoint","urlTemplate":"https:\/\/chateaudemauvilly.fr\/en\/?s={search_term_string}"},"query-input":{"@type":"PropertyValueSpecification","valueRequired":true,"valueName":"search_term_string"}}],"inLanguage":"en-US"},{"@type":"Organization","@id":"https:\/\/chateaudemauvilly.fr\/en\/#organization","name":"Ch&acirc;teau de Mauvilly - Chambres d'h&ocirc;tes de prestige en Bourgogne","url":"https:\/\/chateaudemauvilly.fr\/en\/","logo":{"@type":"ImageObject","inLanguage":"en-US","@id":"https:\/\/chateaudemauvilly.fr\/en\/#\/schema\/logo\/image\/","url":"https:\/\/chateaudemauvilly.fr\/wp-content\/uploads\/2023\/05\/cropped-logo_chateaudemauvily.png","contentUrl":"https:\/\/chateaudemauvilly.fr\/wp-content\/uploads\/2023\/05\/cropped-logo_chateaudemauvily.png","width":618,"height":200,"caption":"Ch&acirc;teau de Mauvilly - Chambres d'h&ocirc;tes de prestige en Bourgogne"},"image":{"@id":"https:\/\/chateaudemauvilly.fr\/en\/#\/schema\/logo\/image\/"}}]}},"jetpack_sharing_enabled":true,"_links":{"self":[{"href":"https:\/\/chateaudemauvilly.fr\/en\/wp-json\/wp\/v2\/pages\/1802","targetHints":{"allow":["GET"]}}],"collection":[{"href":"https:\/\/chateaudemauvilly.fr\/en\/wp-json\/wp\/v2\/pages"}],"about":[{"href":"https:\/\/chateaudemauvilly.fr\/en\/wp-json\/wp\/v2\/types\/page"}],"author":[{"embeddable":true,"href":"https:\/\/chateaudemauvilly.fr\/en\/wp-json\/wp\/v2\/users\/1"}],"replies":[{"embeddable":true,"href":"https:\/\/chateaudemauvilly.fr\/en\/wp-json\/wp\/v2\/comments?post=1802"}],"version-history":[{"count":0,"href":"https:\/\/chateaudemauvilly.fr\/en\/wp-json\/wp\/v2\/pages\/1802\/revisions"}],"wp:attachment":[{"href":"https:\/\/chateaudemauvilly.fr\/en\/wp-json\/wp\/v2\/media?parent=1802"}],"curies":[{"name":"wp","href":"https:\/\/api.w.org\/{rel}","templated":true}]}}